{"id":246,"date":"2023-04-18T10:27:49","date_gmt":"2023-04-18T08:27:49","guid":{"rendered":"http:\/\/aplonsenegal.sn\/?page_id=246"},"modified":"2023-04-18T10:28:48","modified_gmt":"2023-04-18T08:28:48","slug":"livre-dor","status":"publish","type":"page","link":"http:\/\/aplonsenegal.sn\/index.php\/livre-dor\/","title":{"rendered":"Livre d&rsquo;or"},"content":{"rendered":"<div class=\"gwolle-gb\"><div class=\"gwolle_gb_messages_top_container\"><\/div>\n\t\t\t<div class=\"gwolle-gb-write-button\">\n\t\t\t\t<input type=\"button\" name=\"gwolle-gb-write-button\" class=\"button btn btn-default \" value=\"\u00c9crire un nouveau message.\" \/>\n\t\t\t<\/div>\n\t\t\t<form action=\"#\" method=\"POST\" class=\"gwolle-gb-write gwolle-gb-hide gwolle-gb-float gwolle_gb_form_ajax gwolle-gb-form-ajax gwolle-gb-ajax gwolle-gb-not-logged-in\">\n\t\t\t\t<h3>\u00c9crivez un nouveau message dans le livre d\u2019or<\/h3>\n\t\t\t\t<button type=\"button\" class=\"gb-notice-dismiss\">x<span class=\"screen-reader-text\">Masquer ce formulaire.<\/span><\/button>\n\t\t\t\n\t\t\t\t<input type=\"hidden\" name=\"gwolle_gb_function\" class=\"gwolle_gb_function\" value=\"add_entry\" \/><input type=\"hidden\" name=\"gwolle_gb_book_id\" class=\"gwolle_gb_book_id\" value=\"1\" \/><div class=\"gwolle_gb_529479e0b2144fc46bd68dbee01261bd\">\n\t\t\t\t<div class=\"label\"><label for=\"gwolle_gb_529479e0b2144fc46bd68dbee01261bd\" class=\"text-info\">Nom <span class=\"required\">*<\/span><\/label><\/div>\n\t\t\t\t<div class=\"input\"><input class=\"wp-exclude-emoji gwolle_gb_529479e0b2144fc46bd68dbee01261bd\" value=\"\" type=\"text\" name=\"gwolle_gb_529479e0b2144fc46bd68dbee01261bd\" required \/><\/div>\n\t\t\t\t<div class=\"clearBoth\">&nbsp;<\/div>\n\t\t\t<\/div><div class=\"gwolle_gb_5870393bb9b6e3e42f439de92dc91cfc\">\n\t\t\t\t\t<div class=\"label\"><label for=\"gwolle_gb_5870393bb9b6e3e42f439de92dc91cfc\" class=\"text-info\">Ville<\/label><\/div>\n\t\t\t\t\t<div class=\"input\"><input class=\"wp-exclude-emoji gwolle_gb_5870393bb9b6e3e42f439de92dc91cfc\" value=\"\" type=\"text\" name=\"gwolle_gb_5870393bb9b6e3e42f439de92dc91cfc\" \/><\/div>\n\t\t\t\t\t<div class=\"clearBoth\">&nbsp;<\/div>\n\t\t\t\t<\/div><div class=\"gwolle_gb_f8c86a0c063f98609eb000170b8fb570\">\n\t\t\t\t<div class=\"label\"><label for=\"gwolle_gb_f8c86a0c063f98609eb000170b8fb570\" class=\"text-info\">E-mail <span class=\"required\">*<\/span><\/label><\/div>\n\t\t\t\t<div class=\"input\"><input class=\"gwolle_gb_f8c86a0c063f98609eb000170b8fb570\" value=\"\" type=\"email\" name=\"gwolle_gb_f8c86a0c063f98609eb000170b8fb570\" required \/><\/div>\n\t\t\t\t<div class=\"clearBoth\">&nbsp;<\/div>\n\t\t\t<\/div><div class=\"gwolle_gb_f93151223dac79269ff4c665e30871f9\">\n\t\t\t\t<div class=\"label\"><label for=\"gwolle_gb_f93151223dac79269ff4c665e30871f9\" class=\"text-info\">Site web<\/label><\/div>\n\t\t\t\t<div class=\"input\"><input class=\"gwolle_gb_f93151223dac79269ff4c665e30871f9\" value=\"\" type=\"url\" name=\"gwolle_gb_f93151223dac79269ff4c665e30871f9\" \/><\/div>\n\t\t\t\t<div class=\"clearBoth\">&nbsp;<\/div>\n\t\t\t<\/div>\n\t\t\t<div class=\"gwolle_gb_2b99bdb65a085b4213eb9603446d69d5\" style=\"display:none;\">\n\t\t\t\t<div class=\"label\">\n\t\t\t\t\t<label for=\"gwolle_gb_2b99bdb65a085b4213eb9603446d69d5\" class=\"text-primary\">Ne touchez pas \u00e0 ceci<\/label>\n\t\t\t\t\t<label for=\"gwolle_gb_45652b67103b113f51fea15d1ef0c1c8\" class=\"text-primary\">Ne touchez pas \u00e0 ceci<\/label>\n\t\t\t\t<\/div>\n\t\t\t\t<div class=\"input\">\n\t\t\t\t\t<input value=\"53\" type=\"text\" name=\"gwolle_gb_2b99bdb65a085b4213eb9603446d69d5\" class=\"gwolle_gb_2b99bdb65a085b4213eb9603446d69d5\" \/>\n\t\t\t\t\t<input value=\"\" type=\"text\" name=\"gwolle_gb_45652b67103b113f51fea15d1ef0c1c8\" class=\"gwolle_gb_45652b67103b113f51fea15d1ef0c1c8\" \/>\n\t\t\t\t<\/div>\n\t\t\t\t<div class=\"clearBoth\"><\/div>\n\t\t\t<\/div>\n\t\t\t<div class=\"gwolle_gb_5b64f1bd0b0d6ca3f2a59dbd617b9372\" style=\"display:none;\">\n\t\t\t\t<div class=\"label\">\n\t\t\t\t\t<label for=\"gwolle_gb_5b64f1bd0b0d6ca3f2a59dbd617b9372\" class=\"text-primary\">Ne touchez pas \u00e0 ceci<\/label>\n\t\t\t\t\t<label for=\"gwolle_gb_cefacdb43981246e3621bdfda62c2202\" class=\"text-primary\">Ne touchez pas \u00e0 ceci<\/label>\n\t\t\t\t<\/div>\n\t\t\t\t<div class=\"input\">\n\t\t\t\t\t<input value=\"67253\" type=\"text\" name=\"gwolle_gb_5b64f1bd0b0d6ca3f2a59dbd617b9372\" class=\"gwolle_gb_5b64f1bd0b0d6ca3f2a59dbd617b9372\" \/>\n\t\t\t\t\t<input value=\"67253\" type=\"text\" name=\"gwolle_gb_cefacdb43981246e3621bdfda62c2202\" class=\"gwolle_gb_cefacdb43981246e3621bdfda62c2202\" \/>\n\t\t\t\t<\/div>\n\t\t\t\t<div class=\"clearBoth\"><\/div>\n\t\t\t<\/div><div class=\"gwolle_gb_content\">\n\t\t\t\t<div class=\"label\"><label for=\"gwolle_gb_content\" class=\"text-info\">Message du livre d\u2019or <span class=\"required\">*<\/span><\/label><\/div>\n\t\t\t\t<div class=\"input\"><textarea name=\"gwolle_gb_content\" class=\"gwolle_gb_content wp-exclude-emoji maxlength maxlength-200\" required ><\/textarea><span class=\"gb-max-length-text\"><span class=\"gb-used-characters\">0<\/span>\/<span class=\"gb-max-characters\">200<\/span> caract\u00e8res<\/span><\/div>\n\t\t\t\t\t<div class=\"clearBoth\">&nbsp;<\/div>\n\t\t\t\t<\/div><input type=\"hidden\" class=\"gwolle_gb_78cb33dbdf591bc0a943e1439aeca454\" name=\"gwolle_gb_78cb33dbdf591bc0a943e1439aeca454\" value=\"8f51dfdf97\" \/>\n\t\t\t<div class=\"gwolle_gb_messages_bottom_container\"><\/div>\n\n\t\t\t<noscript><div class=\"no-js\">Avertissement\u00a0: Ce formulaire ne peut \u00eatre utilis\u00e9 que si JavaScript est activ\u00e9 dans votre navigateur.<\/div><\/noscript>\n\n\t\t\t<div class=\"gwolle_gb_submit\">\n\t\t\t\t<div class=\"label gwolle-gb-invisible text-muted\">&nbsp;<\/div>\n\t\t\t\t<div class=\"input\">\n\t\t\t\t\t<input type=\"submit\" name=\"gwolle_gb_submit\" class=\"gwolle_gb_submit button btn btn-primary \" value=\"Envoyer\" \/>\n\t\t\t\t\t<span class=\"gwolle_gb_submit_ajax_icon\"><\/span>\n\t\t\t\n\t\t\t\t<\/div>\n\t\t\t\t<div class=\"clearBoth\">&nbsp;<\/div>\n\t\t\t<\/div>\n\n\t\t\t<div class=\"gwolle_gb_notice\">\n\t\t\t\tLes champs marqu\u00e9s avec un * sont obligatoires.<br \/>\r\nVotre adresse e-mail ne sera pas publi\u00e9e.<br \/>\r\nIl se pourrait que votre message n\u2019apparaisse dans le livre d\u2019or qu\u2019apr\u00e8s que nous l\u2019ayons v\u00e9rifi\u00e9.<br \/>\r\nNous nous r\u00e9servons le droit de modifier, de supprimer, ou de ne pas publier les messages.\n\t\t\t<\/div><\/form><div class=\"gwolle-gb-read gwolle-gb-ajax gwolle-gb-entries-list\" data-book_id=\"1\">(Pas de message)<\/div><\/div>\n","protected":false},"excerpt":{"rendered":"","protected":false},"author":1,"featured_media":0,"parent":0,"menu_order":0,"comment_status":"closed","ping_status":"closed","template":"","meta":[],"_links":{"self":[{"href":"http:\/\/aplonsenegal.sn\/index.php\/wp-json\/wp\/v2\/pages\/246"}],"collection":[{"href":"http:\/\/aplonsenegal.sn\/index.php\/wp-json\/wp\/v2\/pages"}],"about":[{"href":"http:\/\/aplonsenegal.sn\/index.php\/wp-json\/wp\/v2\/types\/page"}],"author":[{"embeddable":true,"href":"http:\/\/aplonsenegal.sn\/index.php\/wp-json\/wp\/v2\/users\/1"}],"replies":[{"embeddable":true,"href":"http:\/\/aplonsenegal.sn\/index.php\/wp-json\/wp\/v2\/comments?post=246"}],"version-history":[{"count":2,"href":"http:\/\/aplonsenegal.sn\/index.php\/wp-json\/wp\/v2\/pages\/246\/revisions"}],"predecessor-version":[{"id":248,"href":"http:\/\/aplonsenegal.sn\/index.php\/wp-json\/wp\/v2\/pages\/246\/revisions\/248"}],"wp:attachment":[{"href":"http:\/\/aplonsenegal.sn\/index.php\/wp-json\/wp\/v2\/media?parent=246"}],"curies":[{"name":"wp","href":"https:\/\/api.w.org\/{rel}","templated":true}]}}