{"id":76,"date":"2019-02-15T16:46:30","date_gmt":"2019-02-15T15:46:30","guid":{"rendered":"http:\/\/aplonsenegal.sn\/?page_id=76"},"modified":"2021-08-30T12:56:18","modified_gmt":"2021-08-30T10:56:18","slug":"fic-services","status":"publish","type":"page","link":"http:\/\/aplonsenegal.sn\/index.php\/fic-services\/","title":{"rendered":"Fic Services"},"content":{"rendered":"\n<p>L&rsquo;informatique et la comptabilit\u00e9 au service des \u00e9coles.<\/p>\n\n\n\n<p>Une \u00e9quipe de techniciens exp\u00e9riment\u00e9s vous assiste dans la formation et la gestion de votre personnel administratif.<\/p>\n\n\n\n<p>Chaque besoin est \u00e9tudi\u00e9 afin de vous offrir une exp\u00e9rience personnalis\u00e9e dans votre travail au quotidien.<\/p>\n\n\n\n<p>Avec Fic Services, souplesse et gain de temps seront vos ma\u00eetres-mots.<\/p>\n\n\n\n<p><strong>Vente, Installation, Formation et Support<\/strong><\/p>\n\n\n\n<blockquote class=\"wp-block-quote\"><p>                  <span class=\"has-inline-color has-black-color\"> \u2666 Logiciel Comptabilit\u00e9 SAGE Ligne 500 PACK <br>                   \u2666 Logiciel \u00c9tats Financiers <br>                   \u2666 Logiciels Paie <\/span><\/p><\/blockquote>\n\n\n\n<p><strong>Installation de syst\u00e8mes<\/strong><\/p>\n\n\n\n<p>\u2666 Serveur Windows (2016, 2019 )<\/p>\n\n\n\n<p>\u2666 Postes de travail  Windows 8, 10<br>\u2666 Serveur Linux<br>\u2666 Postes de travail Linux<\/p>\n\n\n\n<p>&#8211; Ubuntu, Mint, Debian <br>&#8211; Fedora, Centos<br><\/p>\n\n\n\n<p><strong>R\u00e9seaux (c\u00e2blages et configuration)<\/strong><\/p>\n\n\n\n<blockquote class=\"wp-block-quote\"><p><span class=\"has-inline-color has-black-color\">\u2666 Etude Projet Mise en R\u00e9seau (Architecture) Filaire ou  Wifi <br>\u2666 Mise en \u0153uvre Projet mise en r\u00e9seau (C\u00e2blages,  Installation Equipements, Configuration  Mat\u00e9rielle et logicielle)<\/span><\/p><\/blockquote>\n\n\n\n<p><strong>Maintenance (\u00e0 la carte ou contrat)<\/strong><\/p>\n\n\n\n<blockquote class=\"wp-block-quote\"><p><span class=\"has-inline-color has-black-color\">\u2666 Mat\u00e9riel<br>\u2666 Logiciel (D\u00e9sinfection, strat\u00e9gie de s\u00e9curit\u00e9)<\/span><\/p><\/blockquote>\n\n\n\n<div class=\"wp-block-columns has-2-columns\">\n<div class=\"wp-block-column\">\n<p>T\u00e9l\u00e9phone : 33825 70 50 <br><\/p>\n<\/div>\n\n\n\n<div class=\"wp-block-column\">\n<p>Email: ficservices@aplonsenegal.sn<\/p>\n<\/div>\n<\/div>\n\n\n\n<p><\/p>\n","protected":false},"excerpt":{"rendered":"<p>L&rsquo;informatique et la comptabilit\u00e9 au service des \u00e9coles. Une \u00e9quipe de techniciens exp\u00e9riment\u00e9s vous assiste dans la formation et la gestion de votre personnel administratif. Chaque besoin est \u00e9tudi\u00e9 afin de vous offrir une exp\u00e9rience personnalis\u00e9e dans votre travail au quotidien. Avec Fic Services, souplesse et gain de temps seront vos ma\u00eetres-mots. Vente, Installation, Formation &hellip; <\/p>\n<p class=\"link-more\"><a href=\"http:\/\/aplonsenegal.sn\/index.php\/fic-services\/\" class=\"more-link\">Continuer la lecture<span class=\"screen-reader-text\"> de &laquo;&nbsp;Fic Services&nbsp;&raquo;<\/span><\/a><\/p>\n","protected":false},"author":1,"featured_media":0,"parent":0,"menu_order":0,"comment_status":"closed","ping_status":"closed","template":"","meta":[],"_links":{"self":[{"href":"http:\/\/aplonsenegal.sn\/index.php\/wp-json\/wp\/v2\/pages\/76"}],"collection":[{"href":"http:\/\/aplonsenegal.sn\/index.php\/wp-json\/wp\/v2\/pages"}],"about":[{"href":"http:\/\/aplonsenegal.sn\/index.php\/wp-json\/wp\/v2\/types\/page"}],"author":[{"embeddable":true,"href":"http:\/\/aplonsenegal.sn\/index.php\/wp-json\/wp\/v2\/users\/1"}],"replies":[{"embeddable":true,"href":"http:\/\/aplonsenegal.sn\/index.php\/wp-json\/wp\/v2\/comments?post=76"}],"version-history":[{"count":8,"href":"http:\/\/aplonsenegal.sn\/index.php\/wp-json\/wp\/v2\/pages\/76\/revisions"}],"predecessor-version":[{"id":233,"href":"http:\/\/aplonsenegal.sn\/index.php\/wp-json\/wp\/v2\/pages\/76\/revisions\/233"}],"wp:attachment":[{"href":"http:\/\/aplonsenegal.sn\/index.php\/wp-json\/wp\/v2\/media?parent=76"}],"curies":[{"name":"wp","href":"https:\/\/api.w.org\/{rel}","templated":true}]}}