{"id":78,"date":"2019-02-15T16:47:29","date_gmt":"2019-02-15T15:47:29","guid":{"rendered":"http:\/\/aplonsenegal.sn\/?page_id=78"},"modified":"2022-05-27T16:59:00","modified_gmt":"2022-05-27T14:59:00","slug":"nos-partenaires","status":"publish","type":"page","link":"http:\/\/aplonsenegal.sn\/index.php\/nos-partenaires\/","title":{"rendered":"Nos partenaires"},"content":{"rendered":"\n<p><\/p>\n\n\n\n<p><a href=\"http:\/\/www.aplim.fr\"><strong>Aplim<\/strong><\/a> <\/p>\n\n\n\n<p>Aplim est le principal fournisseur de logiciels de gestion d&rsquo;\u00e9tablissements scolaires.<\/p>\n\n\n\n<p><strong>Odec Dakar<\/strong><\/p>\n\n\n\n<p>     L\u2019Office dioc\u00e9sain de l\u2019enseignement catholique (ODEC) de Dakar qui regroupe les \u00e9coles priv\u00e9s catholiques de Dakar et de la petite c\u00f4te.<\/p>\n\n\n\n<p><strong>Didec Tamba<\/strong><\/p>\n\n\n\n<p>      La Direction dioc\u00e9saine de l\u2019enseignement catholique du sud-est. Elle concerne les \u00e9tablissement de la r\u00e9gion de Tamba et K\u00e9dougou<\/p>\n\n\n\n<p><strong>Didec Saint Louis<\/strong><\/p>\n\n\n\n<p>      La Direction dioc\u00e9saine de l\u2019enseignement catholique du Nord. Elle concerne les   \u00e9tablissement de la r\u00e9gion de Saint-Louis et Louga<\/p>\n\n\n\n<p><strong>Grand S\u00e9minaire<\/strong> de S\u00e9bikotane<\/p>\n\n\n\n<p><\/p>\n\n\n\n<p><strong>UCAO<\/strong><\/p>\n\n\n\n<p>       Universit\u00e9 Catholique de l&rsquo;Afrique de l&rsquo;Ouest <\/p>\n\n\n\n<p><strong>Les S\u0153urs Ursulines<\/strong><\/p>\n\n\n\n<p><strong>Les S\u0153urs de<\/strong> <strong>La Pr\u00e9sentation de Marie<\/strong><\/p>\n\n\n\n<p><strong>Les S\u0153urs de<\/strong> <strong>L&rsquo;Immacul\u00e9e Conception<\/strong><\/p>\n\n\n\n<p><strong>Les Fr\u00e8res du Sacr\u00e9 C\u0153ur <\/strong><\/p>\n\n\n\n<p><strong>Les Fr\u00e8res de Saint Gabriel<\/strong><\/p>\n\n\n\n<p><strong>Les Ecoles Pies<\/strong><\/p>\n\n\n\n<p>&#8230; <\/p>\n\n\n\n<p><br><\/p>\n","protected":false},"excerpt":{"rendered":"<p>Aplim Aplim est le principal fournisseur de logiciels de gestion d&rsquo;\u00e9tablissements scolaires. Odec Dakar L\u2019Office dioc\u00e9sain de l\u2019enseignement catholique (ODEC) de Dakar qui regroupe les \u00e9coles priv\u00e9s catholiques de Dakar et de la petite c\u00f4te. Didec Tamba La Direction dioc\u00e9saine de l\u2019enseignement catholique du sud-est. Elle concerne les \u00e9tablissement de la r\u00e9gion de Tamba et &hellip; <\/p>\n<p class=\"link-more\"><a href=\"http:\/\/aplonsenegal.sn\/index.php\/nos-partenaires\/\" class=\"more-link\">Continuer la lecture<span class=\"screen-reader-text\"> de &laquo;&nbsp;Nos partenaires&nbsp;&raquo;<\/span><\/a><\/p>\n","protected":false},"author":1,"featured_media":0,"parent":0,"menu_order":0,"comment_status":"closed","ping_status":"closed","template":"","meta":[],"_links":{"self":[{"href":"http:\/\/aplonsenegal.sn\/index.php\/wp-json\/wp\/v2\/pages\/78"}],"collection":[{"href":"http:\/\/aplonsenegal.sn\/index.php\/wp-json\/wp\/v2\/pages"}],"about":[{"href":"http:\/\/aplonsenegal.sn\/index.php\/wp-json\/wp\/v2\/types\/page"}],"author":[{"embeddable":true,"href":"http:\/\/aplonsenegal.sn\/index.php\/wp-json\/wp\/v2\/users\/1"}],"replies":[{"embeddable":true,"href":"http:\/\/aplonsenegal.sn\/index.php\/wp-json\/wp\/v2\/comments?post=78"}],"version-history":[{"count":8,"href":"http:\/\/aplonsenegal.sn\/index.php\/wp-json\/wp\/v2\/pages\/78\/revisions"}],"predecessor-version":[{"id":241,"href":"http:\/\/aplonsenegal.sn\/index.php\/wp-json\/wp\/v2\/pages\/78\/revisions\/241"}],"wp:attachment":[{"href":"http:\/\/aplonsenegal.sn\/index.php\/wp-json\/wp\/v2\/media?parent=78"}],"curies":[{"name":"wp","href":"https:\/\/api.w.org\/{rel}","templated":true}]}}