{"id":88,"date":"2019-02-15T17:13:00","date_gmt":"2019-02-15T16:13:00","guid":{"rendered":"http:\/\/aplonsenegal.sn\/?page_id=88"},"modified":"2021-03-30T13:13:18","modified_gmt":"2021-03-30T11:13:18","slug":"espace-adherents","status":"publish","type":"page","link":"http:\/\/aplonsenegal.sn\/index.php\/espace-adherents\/","title":{"rendered":"Espace Adh\u00e9rents"},"content":{"rendered":"\n<p><strong>TELEMAINTENANCE<\/strong><\/p>\n\n\n\n<div class=\"wp-block-columns\">\n<div class=\"wp-block-column\">\n<p>Ces outils permettent la prise en main de votre ordinateur \u00e0 distance par nos techniciens pour mieux vous assister. Merci de les t\u00e9l\u00e9charger et de les installer sur votre poste pour une meilleure prise en charge de vos demandes techniques concernant les logiciels Aplon et Charlemagne.<\/p>\n<\/div>\n\n\n\n<div class=\"wp-block-column\">\n<div class=\"wp-block-file\"><a href=\"http:\/\/aplonsenegal.sn\/wp-content\/uploads\/2020\/06\/TeamViewer_Setup14.zip\">TeamViewer_Setup14<\/a><a href=\"http:\/\/aplonsenegal.sn\/wp-content\/uploads\/2020\/06\/TeamViewer_Setup14.zip\" class=\"wp-block-file__button\" download>T\u00e9l\u00e9charger<\/a><\/div>\n\n\n\n<div class=\"wp-block-file\"><a href=\"http:\/\/aplonsenegal.sn\/wp-content\/uploads\/2020\/06\/TeamViewer_Setup11025.zip\">TeamViewer_Setup11<\/a><a href=\"http:\/\/aplonsenegal.sn\/wp-content\/uploads\/2020\/06\/TeamViewer_Setup11025.zip\" class=\"wp-block-file__button\" download>T\u00e9l\u00e9charger<\/a><\/div>\n\n\n\n<div class=\"wp-block-file\"><a href=\"http:\/\/aplonsenegal.sn\/wp-content\/uploads\/2020\/10\/AnyDesk.zip\">AnyDesk<\/a><a href=\"http:\/\/aplonsenegal.sn\/wp-content\/uploads\/2020\/10\/AnyDesk.zip\" class=\"wp-block-file__button\" download>T\u00e9l\u00e9charger<\/a><\/div>\n\n\n\n<p><\/p>\n<\/div>\n<\/div>\n\n\n\n<p>      <\/p>\n\n\n\n<h3><strong>FORMATION EN LIGNE<\/strong><\/h3>\n\n\n\n<div class=\"wp-block-group\"><div class=\"wp-block-group__inner-container\">\n<div class=\"wp-block-columns\">\n<div class=\"wp-block-column\">\n<p>Les formations en ligne seront bient\u00f4t une r\u00e9alit\u00e9 avec Aplon S\u00e9n\u00e9gal. T\u00e9l\u00e9chargez l&rsquo;outil <a href=\"https:\/\/www.microsoft.com\/fr-fr\/microsoft-teams\/download-app\">Teams de Microsoft<\/a> et contacter nos services par mail et t\u00e9l\u00e9phone.<\/p>\n\n\n\n<p>Voir ci-apr\u00e8s comment rejoindre une session.<\/p>\n\n\n\n<figure class=\"wp-block-image size-large is-resized\"><a href=\"http:\/\/aplonsenegal.sn\/wp-content\/uploads\/2021\/03\/REJOINDRE-REUNION-TEAMS-SANS-AVOIR-DE-COMPTE.pdf\"><img loading=\"lazy\" src=\"http:\/\/aplonsenegal.sn\/wp-content\/uploads\/2021\/03\/pdf-icone-1024x768.png\" alt=\"\" class=\"wp-image-216\" width=\"77\" height=\"57\" srcset=\"http:\/\/aplonsenegal.sn\/wp-content\/uploads\/2021\/03\/pdf-icone-1024x768.png 1024w, http:\/\/aplonsenegal.sn\/wp-content\/uploads\/2021\/03\/pdf-icone-300x225.png 300w, http:\/\/aplonsenegal.sn\/wp-content\/uploads\/2021\/03\/pdf-icone-768x576.png 768w, http:\/\/aplonsenegal.sn\/wp-content\/uploads\/2021\/03\/pdf-icone.png 1181w\" sizes=\"(max-width: 77px) 100vw, 77px\" \/><\/a><\/figure>\n\n\n\n<p><\/p>\n<\/div>\n\n\n\n<div class=\"wp-block-column\" style=\"flex-basis:44.5%\">\n<p>E-mail : ficaplonsenegal@yahoo.fr<\/p>\n\n\n\n<p>T\u00e9l\u00e9phone: (221)338257050<\/p>\n\n\n\n<figure class=\"wp-block-image size-large is-resized\"><a href=\"https:\/\/www.microsoft.com\/fr-fr\/microsoft-teams\/download-app\"><img loading=\"lazy\" src=\"http:\/\/aplonsenegal.sn\/wp-content\/uploads\/2021\/03\/teams-1024x576.jpeg\" alt=\"\" class=\"wp-image-210\" width=\"101\" height=\"56\" srcset=\"http:\/\/aplonsenegal.sn\/wp-content\/uploads\/2021\/03\/teams-1024x576.jpeg 1024w, http:\/\/aplonsenegal.sn\/wp-content\/uploads\/2021\/03\/teams-300x169.jpeg 300w, http:\/\/aplonsenegal.sn\/wp-content\/uploads\/2021\/03\/teams-768x432.jpeg 768w, http:\/\/aplonsenegal.sn\/wp-content\/uploads\/2021\/03\/teams.jpeg 1200w\" sizes=\"(max-width: 101px) 100vw, 101px\" \/><\/a><\/figure>\n\n\n\n<p><\/p>\n<\/div>\n<\/div>\n<\/div><\/div>\n\n\n\n<p><\/p>\n\n\n\n<p><strong>Quelques fichiers utiles <\/strong><\/p>\n\n\n\n<p>Charlemagne Notes : <\/p>\n\n\n\n<div class=\"wp-block-file\"><a href=\"http:\/\/aplonsenegal.sn\/wp-content\/uploads\/2020\/12\/BUL-PRIMAIRE-3COMPOS.zip\">BULLETIN PRIMAIRE 3COMPOS<\/a><a href=\"http:\/\/aplonsenegal.sn\/wp-content\/uploads\/2020\/12\/BUL-PRIMAIRE-3COMPOS.zip\" class=\"wp-block-file__button\" download>T\u00e9l\u00e9charger<\/a><\/div>\n\n\n\n<p><\/p>\n\n\n\n<div class=\"wp-block-file\"><a href=\"http:\/\/aplonsenegal.sn\/wp-content\/uploads\/2020\/12\/BUL-SEM2X.zip\">BULLETIN COLLEGE SEMESTRE<\/a><a href=\"http:\/\/aplonsenegal.sn\/wp-content\/uploads\/2020\/12\/BUL-SEM2X.zip\" class=\"wp-block-file__button\" download>T\u00e9l\u00e9charger<\/a><\/div>\n\n\n\n<p><\/p>\n\n\n\n<p><\/p>\n","protected":false},"excerpt":{"rendered":"<p>TELEMAINTENANCE Ces outils permettent la prise en main de votre ordinateur \u00e0 distance par nos techniciens pour mieux vous assister. Merci de les t\u00e9l\u00e9charger et de les installer sur votre poste pour une meilleure prise en charge de vos demandes techniques concernant les logiciels Aplon et Charlemagne. FORMATION EN LIGNE Quelques fichiers utiles Charlemagne Notes &hellip; <\/p>\n<p class=\"link-more\"><a href=\"http:\/\/aplonsenegal.sn\/index.php\/espace-adherents\/\" class=\"more-link\">Continuer la lecture<span class=\"screen-reader-text\"> de &laquo;&nbsp;Espace Adh\u00e9rents&nbsp;&raquo;<\/span><\/a><\/p>\n","protected":false},"author":1,"featured_media":0,"parent":0,"menu_order":0,"comment_status":"closed","ping_status":"closed","template":"","meta":[],"_links":{"self":[{"href":"http:\/\/aplonsenegal.sn\/index.php\/wp-json\/wp\/v2\/pages\/88"}],"collection":[{"href":"http:\/\/aplonsenegal.sn\/index.php\/wp-json\/wp\/v2\/pages"}],"about":[{"href":"http:\/\/aplonsenegal.sn\/index.php\/wp-json\/wp\/v2\/types\/page"}],"author":[{"embeddable":true,"href":"http:\/\/aplonsenegal.sn\/index.php\/wp-json\/wp\/v2\/users\/1"}],"replies":[{"embeddable":true,"href":"http:\/\/aplonsenegal.sn\/index.php\/wp-json\/wp\/v2\/comments?post=88"}],"version-history":[{"count":23,"href":"http:\/\/aplonsenegal.sn\/index.php\/wp-json\/wp\/v2\/pages\/88\/revisions"}],"predecessor-version":[{"id":221,"href":"http:\/\/aplonsenegal.sn\/index.php\/wp-json\/wp\/v2\/pages\/88\/revisions\/221"}],"wp:attachment":[{"href":"http:\/\/aplonsenegal.sn\/index.php\/wp-json\/wp\/v2\/media?parent=88"}],"curies":[{"name":"wp","href":"https:\/\/api.w.org\/{rel}","templated":true}]}}